{"id":2095,"date":"2022-02-21T13:19:40","date_gmt":"2022-02-21T13:19:40","guid":{"rendered":"http:\/\/ribamassanell.com\/avis-legal\/"},"modified":"2024-08-07T11:08:59","modified_gmt":"2024-08-07T11:08:59","slug":"avis-legal","status":"publish","type":"page","link":"https:\/\/ribamassanell.com\/ca\/avis-legal\/","title":{"rendered":"Av\u00eds Legal"},"content":{"rendered":"\n<p>Aquesta p\u00e0gina Web \u00e9s propietat de RIBA MASSANELL SL amb NIF n\u00fam. Foli 176, Full 10627, Inscripci\u00f3 1a<\/p>\n\n<p>Per a qualsevol consulta o proposta, contacteu-nos a l&#8217;e-mail: <em>magda@ribamassanell.com<\/em><\/p>\n\n<p>Aquesta p\u00e0gina web es regeix per la normativa exclusivament aplicable a Espanya, quedant-hi sotmesa, tant nacionals com estrangers que utilitzin aquesta web.<\/p>\n\n<p>L&#8217;acc\u00e9s a la nostra p\u00e0gina web per part de l&#8217;USUARI \u00e9s gratu\u00eft i est\u00e0 condicionat a la lectura i l&#8217;acceptaci\u00f3 pr\u00e8via integra, expressa i sense reserves de les presents CONDICIONS GENERALS D&#8217;\u00daS vigents en el moment de l&#8217;acc\u00e9s, que preguem llegiu detingudament. L&#8217;USUARI en el moment que utilitza el nostre portal, els seus continguts o serveis, accepta i se sotmet expressament a les condicions generals d&#8217;\u00fas. Si l&#8217;usuari no est\u00e0 d&#8217;acord amb aquestes condicions d&#8217;\u00fas, cal abstenir-se d&#8217;utilitzar aquest portal i operar-hi.<\/p>\n\n<p>En qualsevol moment podrem modificar la presentaci\u00f3 i configuraci\u00f3 de la nostra Web, ampliar o reduir serveis, i fins i tot suprimir-la de la Xarxa, aix\u00ed com els serveis i continguts prestats, tot aix\u00f2 de forma unilateral i sense av\u00eds previ.<\/p>\n\n<p><strong>1. PROPIETAT INTEL\u00b7LECTUAL<\/strong><\/p>\n\n<p>Tots els continguts, textos, imatges, marques i codis font s\u00f3n de la nostra propietat o de tercers als quals s&#8217;han adquirit els drets d&#8217;explotaci\u00f3, i estan protegits pels drets de propietat intel\u00b7lectual i industrial.<\/p>\n\n<p>L&#8217;usuari \u00fanicament t\u00e9 dret a un \u00fas privat dels mateixos, sense \u00e0nim de lucre, i necessita autoritzaci\u00f3 expressa per modificar-los, reproduir-los, explotar-los, distribuir-los o exercir qualsevol dret pertanyent al titular.<\/p>\n\n<p><strong>2. CONDICIONS D&#8217;ACC\u00c9S<\/strong><\/p>\n\n<p>L&#8217;acc\u00e9s a la nostra p\u00e0gina web \u00e9s gratu\u00eft i no exigeix \u200b\u200bpr\u00e8via subscripci\u00f3 o registre.<\/p>\n\n<p>L&#8217;enviament de dades personals implica l&#8217;acceptaci\u00f3 expressa per part de l&#8217;USUARI de la nostra pol\u00edtica de privadesa.<\/p>\n\n<p>L&#8217;usuari ha d&#8217;accedir a la nostra p\u00e0gina web d&#8217;acord amb la bona fe, les normes d&#8217;ordre p\u00fablic i les presents Condicions Generals d&#8217;\u00fas. L&#8217;acc\u00e9s al nostre lloc web es realitza sota la pr\u00f2pia i exclusiva responsabilitat de l&#8217;usuari, que respondr\u00e0 en tot cas dels danys i els perjudicis que pugui causar a tercers oa nosaltres mateixos.<\/p>\n\n<p>Tenint en compte la impossibilitat de control respecte a la informaci\u00f3, continguts i serveis que continguin altres p\u00e0gines web als quals es pugui accedir a trav\u00e9s dels enlla\u00e7os que la nostra p\u00e0gina web pugui posar a la seva disposici\u00f3, us comuniquem que quedem eximits de qualsevol responsabilitat per els danys i perjudicis de tota mena que poguessin derivar per la utilitzaci\u00f3 d&#8217;aquestes p\u00e0gines web, alienes a la nostra empresa, per part de l&#8217;usuari.<\/p>\n\n<p><strong>3. POL\u00cdTICA DE PRIVACITAT<\/strong><\/p>\n\n<p>La confidencialitat i la seguretat s\u00f3n valors primordials de RIBA MASSANELL SL i, en conseq\u00fc\u00e8ncia, assumim el comprom\u00eds de garantir la privadesa de l&#8217;Usuari en tot moment i de no demanar informaci\u00f3 innecess\u00e0ria. A continuaci\u00f3, us proporcionem tota la informaci\u00f3 necess\u00e0ria sobre la nostra Pol\u00edtica de Privadesa en relaci\u00f3 amb les dades personals que recaptem, explicant-li:<\/p>\n\n<ul><li>Qui \u00e9s el responsable del tractament de les vostres dades.<\/li><li>Per a quines finalitats demanem les dades que us sol\u00b7licitem.<\/li><li>Quina \u00e9s la legitimaci\u00f3 per al tractament.<\/li><li>Durant quant de temps els conservem.<\/li><li> A quins destinataris es comuniquen les vostres dades.<\/li><li>Quins s\u00f3n els vostres drets.<\/li><\/ul>\n\n<p>3.1. 3.1. RESPONSABLE: veure dades a l&#8217;encap\u00e7alament.<\/p>\n\n<p>3.2. 3.2. FINALITATS, LEGITIMACI\u00d3 I CONSERVACI\u00d3 dels tractaments de les dades enviades a trav\u00e9s de:<\/p>\n\n<ul><li>Formulari de contacte.<\/li><\/ul>\n\n<p>Finalitat: Facilitar-li un mitj\u00e0 perqu\u00e8 pugui posar-se en contacte amb nosaltres i contestar les seves sol\u00b7licituds d&#8217;informaci\u00f3, aix\u00ed com enviar comunicacions dels nostres productes, serveis i activitats, inclusivament per mitjans electr\u00f2nics (correu electr\u00f2nic, SMS, whatsApp), si marca la casella acceptaci\u00f3.<\/p>\n\n<p>Legitimaci\u00f3: El consentiment de l&#8217;usuari en sol\u00b7licitar-nos informaci\u00f3 a trav\u00e9s del nostre formulari de contactes i marcar la casella d&#8217;acceptaci\u00f3 d&#8217;enviament d&#8217;informaci\u00f3.<\/p>\n\n<p>Conservaci\u00f3: Un cop resolta la vostra sol\u00b7licitud per mitj\u00e0 del nostre formulari o contestada per correu electr\u00f2nic, si no heu generat un nou tractament, i en cas d&#8217;haver acceptat rebre enviaments comercials, fins que sol\u00b7licite la baixa dels mateixos.<\/p>\n\n<ul><li>Enviament de correus electr\u00f2nics.<\/li><\/ul>\n\n<p>Finalitat: Contestar les vostres sol\u00b7licituds d&#8217;informaci\u00f3, atendre les vostres peticions i respondre les vostres consultes o dubtes. En cas de rebre el seu Curr\u00edculum Vitae, les vostres dades personals i curriculars podran formar part de les nostres bases de dades per participar en els nostres processos de selecci\u00f3 presents i futurs.<\/p>\n\n<p>Legitimaci\u00f3: El consentiment de l&#8217;usuari en sol\u00b7licitar-nos informaci\u00f3 a trav\u00e9s de l&#8217;adre\u00e7a de correu electr\u00f2nic o enviar-nos les vostres dades i CV per participar en els nostres processos de selecci\u00f3.<\/p>\n\n<p>Conservaci\u00f3: Un cop es contesta la vostra petici\u00f3 per correu electr\u00f2nic, si no heu generat un nou tractament. En el cas de rebre el vostre CV, les vostres dades podran ser conservades durant un any m\u00e0xim per a futurs processos de selecci\u00f3.<\/p>\n\n<p><strong>Obligaci\u00f3 de facilitar-nos les vostres dades personals i conseq\u00fc\u00e8ncies de no fer-ho.<\/strong><\/p>\n\n<p>El subministrament de dades personals requereix una edat m\u00ednima de 14 anys, o si escau, disposar de capacitat jur\u00eddica suficient per contractar.<\/p>\n\n<p>Les dades personals sol\u00b7licitades s\u00f3n necess\u00e0ries per gestionar les seves sol\u00b7licituds, donar-li d&#8217;alta com a usuari i\/o prestar-li els serveis que pugui contractar, per la qual cosa, si no ens les facilita, no podrem atendre&#8217;l correctament ni prestar-li el servei que ha sol\u00b7licitat.<\/p>\n\n<p>En tot cas, ens reservem el dret de decidir sobre la incorporaci\u00f3 o no de les vostres dades personals i altra informaci\u00f3 a les nostres bases de dades.<\/p>\n\n<p>3.3. 3.3. DESTINATARIS DE LES SEVES DADES.<\/p>\n\n<p>Les vostres dades s\u00f3n confidencials i no se cediran a tercers, llevat que hi hagi obligaci\u00f3 legal.<\/p>\n\n<p>3.4. 3.4. DRETS EN RELACI\u00d3 AMB LES SEVES DADES PERSONALS.<\/p>\n\n<p>Qualsevol persona pot retirar el seu consentiment en qualsevol moment, quan aquest s&#8217;hagi atorgat per al tractament de les dades. En cap cas, la retirada d&#8217;aquest consentiment no condiciona l&#8217;execuci\u00f3 del contracte de subscripci\u00f3 o les relacions generades amb anterioritat.<\/p>\n\n<p>Igualment, pot exercir els drets seg\u00fcents:<\/p>\n\n<ul><li>Sol\u00b7licitar l&#8217;acc\u00e9s a les vostres dades personals o la seva rectificaci\u00f3 quan siguin inexactes.<\/li><li>Sol\u00b7licitar la seva supressi\u00f3 quan, entre altres motius, les dades ja no siguin necess\u00e0ries per a les finalitats per a les quals van ser recollides.<\/li><li>Sol\u00b7licitar la limitaci\u00f3 del tractament en determinades circumst\u00e0ncies.<\/li><li>Sol\u00b7licitar l&#8217;oposici\u00f3 al tractament de les vostres dades per motius relacionats amb la vostra situaci\u00f3 particular.<\/li><li>Sol\u00b7licitar la portabilitat de les dades en els casos previstos a la normativa.<\/li><li>Altres drets reconeguts a les normatives aplicables.<\/li><\/ul>\n\n<p>On i com sol\u00b7licitar els seus Drets: Mitjan\u00e7ant un escrit dirigit al responsable a la seva adre\u00e7a postal o electr\u00f2nica (indicades a l&#8217;apartat A), indicant la refer\u00e8ncia \u201cDades Personals\u201d, especificant el dret que es vol exercir i respecte a quines dades personals.<\/p>\n\n<p>En cas de diverg\u00e8ncies amb l&#8217;empresa en relaci\u00f3 amb el tractament de les vostres dades, podeu presentar una reclamaci\u00f3 davant l&#8217;Ag\u00e8ncia de Protecci\u00f3 de Dades (www.agpd.es).<\/p>\n\n<p>3.5. 3.5. SEGURETAT DE LES SEVES DADES PERSONALS<\/p>\n\n<p>Amb l&#8217;objectiu de salvaguardar la seguretat de les vostres dades personals, us informem que hem adoptat totes les mesures d&#8217;\u00edndole t\u00e8cnica i organitzativa necess\u00e0ries per garantir la seguretat de les dades personals subministrades de la vostra alteraci\u00f3, p\u00e8rdua i tractaments o accessos no autoritzats.<\/p>\n\n<p>3.6. 3.6. ACTUALITZACI\u00d3 DE LES SEVES DADES<\/p>\n\n<p>\u00c9s important que perqu\u00e8 puguem mantenir les vostres dades personals actualitzades, ens informe sempre que hi hagi hagut alguna modificaci\u00f3 en elles, en cas contrari, no responem de la seva veracitat.<\/p>\n\n<p>No ens fem responsables de la pol\u00edtica de privadesa respecte a les dades personals que pugui facilitar a tercers per mitj\u00e0 dels enlla\u00e7os disponibles a la nostra p\u00e0gina web.<\/p>\n\n<p>Aquesta Pol\u00edtica de Privadesa pot ser modificada per adaptar-les als canvis que es produeixi a la nostra web, aix\u00ed com modificacions legislatives o jurisprudencials sobre dades personals que vagin apareixent, per la qual cosa exigeix \u200b\u200bla seva lectura, cada vegada que ens faciliti les seves dades a trav\u00e9s de aquesta Web.<\/p>\n\n<p><strong>4. RESPONSABILITATS<\/strong><\/p>\n\n<p>En posar a disposici\u00f3 de l&#8217;usuari aquesta p\u00e0gina web volem oferir-vos un servei de qualitat, utilitzant la m\u00e0xima dilig\u00e8ncia en la prestaci\u00f3 del mateix, aix\u00ed com en els mitjans tecnol\u00f2gics utilitzats. Tot i aix\u00f2, no respondrem de la pres\u00e8ncia de virus i altres elements que d&#8217;alguna manera puguin danyar el sistema inform\u00e0tic de l&#8217;usuari.<\/p>\n\n<p>No garantim que la disponibilitat del servei sigui continuada i ininterrompuda.<\/p>\n\n<p>L&#8217;USUARI t\u00e9 prohibit qualsevol tipus d&#8217;acci\u00f3 sobre el nostre portal que origini una excessiva sobrec\u00e0rrega de funcionament als nostres sistemes inform\u00e0tics, aix\u00ed com la introducci\u00f3 de virus, o instal\u00b7laci\u00f3 de robots, o programari que alteri el funcionament normal del nostre web, o en definitiva pugui causar danys als nostres sistemes inform\u00e0tics.<\/p>\n\n<p>L&#8217;USUARI assumeix tota la responsabilitat derivada de l&#8217;\u00fas de la nostra p\u00e0gina web.<\/p>\n\n<p>L&#8217;USUARI reconeix que ha ent\u00e8s tota la informaci\u00f3 respecte a les condicions d&#8217;\u00fas del nostre portal, i reconeix que s\u00f3n suficients per a l&#8217;exclusi\u00f3 de l&#8217;error i, per tant, les accepta \u00edntegrament i expressament.<\/p>\n","protected":false},"excerpt":{"rendered":"<p>Aquesta p\u00e0gina Web \u00e9s propietat de RIBA MASSANELL SL amb NIF n\u00fam. Foli 176, Full 10627, Inscripci\u00f3 1a Per a qualsevol consulta o proposta, contacteu-nos a l&#8217;e-mail: magda@ribamassanell.com Aquesta p\u00e0gina web es regeix per la normativa exclusivament aplicable a Espanya, quedant-hi sotmesa, tant nacionals com estrangers que utilitzin aquesta web. L&#8217;acc\u00e9s a la nostra p\u00e0gina [&hellip;]<\/p>\n","protected":false},"author":1,"featured_media":0,"parent":0,"menu_order":0,"comment_status":"closed","ping_status":"closed","template":"","meta":{"footnotes":""},"yoast_head":"<!-- This site is optimized with the Yoast SEO plugin v18.6 - https:\/\/yoast.com\/wordpress\/plugins\/seo\/ -->\n<title>Av\u00eds legal | Riba Massanell Fusters<\/title>\n<meta name=\"description\" content=\"Aqu\u00ed podr\u00e0 veure l&#039;av\u00eds legal de la nostre p\u00e0gina, on trobar\u00e0 informaci\u00f3 detallada sobre com utilitzem i protegim les seves dades personals.\" \/>\n<meta name=\"robots\" content=\"index, follow, max-snippet:-1, max-image-preview:large, max-video-preview:-1\" \/>\n<link rel=\"canonical\" href=\"https:\/\/ribamassanell.com\/ca\/avis-legal\/\" \/>\n<meta property=\"og:locale\" content=\"ca_ES\" \/>\n<meta property=\"og:type\" content=\"article\" \/>\n<meta property=\"og:title\" content=\"Av\u00eds legal | Riba Massanell Fusters\" \/>\n<meta property=\"og:description\" content=\"Aqu\u00ed podr\u00e0 veure l&#039;av\u00eds legal de la nostre p\u00e0gina, on trobar\u00e0 informaci\u00f3 detallada sobre com utilitzem i protegim les seves dades personals.\" \/>\n<meta property=\"og:url\" content=\"https:\/\/ribamassanell.com\/ca\/avis-legal\/\" \/>\n<meta property=\"og:site_name\" content=\"Riba Massanell\" \/>\n<meta property=\"article:modified_time\" content=\"2024-08-07T11:08:59+00:00\" \/>\n<meta name=\"twitter:card\" content=\"summary_large_image\" \/>\n<meta name=\"twitter:label1\" content=\"Temps estimat de lectura\" \/>\n\t<meta name=\"twitter:data1\" content=\"8 minuts\" \/>\n<script type=\"application\/ld+json\" class=\"yoast-schema-graph\">{\"@context\":\"https:\/\/schema.org\",\"@graph\":[{\"@type\":\"Organization\",\"@id\":\"https:\/\/ribamassanell.com\/#organization\",\"name\":\"Riba Massanell\",\"url\":\"https:\/\/ribamassanell.com\/\",\"sameAs\":[],\"logo\":{\"@type\":\"ImageObject\",\"@id\":\"https:\/\/ribamassanell.com\/#logo\",\"inLanguage\":\"ca\",\"url\":\"https:\/\/ribamassanell.com\/wp-content\/uploads\/2021\/12\/ribamassanell-logo.jpeg\",\"contentUrl\":\"https:\/\/ribamassanell.com\/wp-content\/uploads\/2021\/12\/ribamassanell-logo.jpeg\",\"width\":1024,\"height\":186,\"caption\":\"Riba Massanell\"},\"image\":{\"@id\":\"https:\/\/ribamassanell.com\/#logo\"}},{\"@type\":\"WebSite\",\"@id\":\"https:\/\/ribamassanell.com\/#website\",\"url\":\"https:\/\/ribamassanell.com\/\",\"name\":\"Riba Massanell\",\"description\":\"Fusteria i ebenisteria des de 1989\",\"publisher\":{\"@id\":\"https:\/\/ribamassanell.com\/#organization\"},\"potentialAction\":[{\"@type\":\"SearchAction\",\"target\":{\"@type\":\"EntryPoint\",\"urlTemplate\":\"https:\/\/ribamassanell.com\/?s={search_term_string}\"},\"query-input\":\"required name=search_term_string\"}],\"inLanguage\":\"ca\"},{\"@type\":\"WebPage\",\"@id\":\"https:\/\/ribamassanell.com\/ca\/avis-legal\/#webpage\",\"url\":\"https:\/\/ribamassanell.com\/ca\/avis-legal\/\",\"name\":\"Av\u00eds legal | Riba Massanell Fusters\",\"isPartOf\":{\"@id\":\"https:\/\/ribamassanell.com\/#website\"},\"datePublished\":\"2022-02-21T13:19:40+00:00\",\"dateModified\":\"2024-08-07T11:08:59+00:00\",\"description\":\"Aqu\u00ed podr\u00e0 veure l'av\u00eds legal de la nostre p\u00e0gina, on trobar\u00e0 informaci\u00f3 detallada sobre com utilitzem i protegim les seves dades personals.\",\"breadcrumb\":{\"@id\":\"https:\/\/ribamassanell.com\/ca\/avis-legal\/#breadcrumb\"},\"inLanguage\":\"ca\",\"potentialAction\":[{\"@type\":\"ReadAction\",\"target\":[\"https:\/\/ribamassanell.com\/ca\/avis-legal\/\"]}]},{\"@type\":\"BreadcrumbList\",\"@id\":\"https:\/\/ribamassanell.com\/ca\/avis-legal\/#breadcrumb\",\"itemListElement\":[{\"@type\":\"ListItem\",\"position\":1,\"name\":\"Portada\",\"item\":\"https:\/\/ribamassanell.com\/ca\/\"},{\"@type\":\"ListItem\",\"position\":2,\"name\":\"Av\u00eds Legal\"}]}]}<\/script>\n<!-- \/ Yoast SEO plugin. -->","yoast_head_json":{"title":"Av\u00eds legal | Riba Massanell Fusters","description":"Aqu\u00ed podr\u00e0 veure l'av\u00eds legal de la nostre p\u00e0gina, on trobar\u00e0 informaci\u00f3 detallada sobre com utilitzem i protegim les seves dades personals.","robots":{"index":"index","follow":"follow","max-snippet":"max-snippet:-1","max-image-preview":"max-image-preview:large","max-video-preview":"max-video-preview:-1"},"canonical":"https:\/\/ribamassanell.com\/ca\/avis-legal\/","og_locale":"ca_ES","og_type":"article","og_title":"Av\u00eds legal | Riba Massanell Fusters","og_description":"Aqu\u00ed podr\u00e0 veure l'av\u00eds legal de la nostre p\u00e0gina, on trobar\u00e0 informaci\u00f3 detallada sobre com utilitzem i protegim les seves dades personals.","og_url":"https:\/\/ribamassanell.com\/ca\/avis-legal\/","og_site_name":"Riba Massanell","article_modified_time":"2024-08-07T11:08:59+00:00","twitter_card":"summary_large_image","twitter_misc":{"Temps estimat de lectura":"8 minuts"},"schema":{"@context":"https:\/\/schema.org","@graph":[{"@type":"Organization","@id":"https:\/\/ribamassanell.com\/#organization","name":"Riba Massanell","url":"https:\/\/ribamassanell.com\/","sameAs":[],"logo":{"@type":"ImageObject","@id":"https:\/\/ribamassanell.com\/#logo","inLanguage":"ca","url":"https:\/\/ribamassanell.com\/wp-content\/uploads\/2021\/12\/ribamassanell-logo.jpeg","contentUrl":"https:\/\/ribamassanell.com\/wp-content\/uploads\/2021\/12\/ribamassanell-logo.jpeg","width":1024,"height":186,"caption":"Riba Massanell"},"image":{"@id":"https:\/\/ribamassanell.com\/#logo"}},{"@type":"WebSite","@id":"https:\/\/ribamassanell.com\/#website","url":"https:\/\/ribamassanell.com\/","name":"Riba Massanell","description":"Fusteria i ebenisteria des de 1989","publisher":{"@id":"https:\/\/ribamassanell.com\/#organization"},"potentialAction":[{"@type":"SearchAction","target":{"@type":"EntryPoint","urlTemplate":"https:\/\/ribamassanell.com\/?s={search_term_string}"},"query-input":"required name=search_term_string"}],"inLanguage":"ca"},{"@type":"WebPage","@id":"https:\/\/ribamassanell.com\/ca\/avis-legal\/#webpage","url":"https:\/\/ribamassanell.com\/ca\/avis-legal\/","name":"Av\u00eds legal | Riba Massanell Fusters","isPartOf":{"@id":"https:\/\/ribamassanell.com\/#website"},"datePublished":"2022-02-21T13:19:40+00:00","dateModified":"2024-08-07T11:08:59+00:00","description":"Aqu\u00ed podr\u00e0 veure l'av\u00eds legal de la nostre p\u00e0gina, on trobar\u00e0 informaci\u00f3 detallada sobre com utilitzem i protegim les seves dades personals.","breadcrumb":{"@id":"https:\/\/ribamassanell.com\/ca\/avis-legal\/#breadcrumb"},"inLanguage":"ca","potentialAction":[{"@type":"ReadAction","target":["https:\/\/ribamassanell.com\/ca\/avis-legal\/"]}]},{"@type":"BreadcrumbList","@id":"https:\/\/ribamassanell.com\/ca\/avis-legal\/#breadcrumb","itemListElement":[{"@type":"ListItem","position":1,"name":"Portada","item":"https:\/\/ribamassanell.com\/ca\/"},{"@type":"ListItem","position":2,"name":"Av\u00eds Legal"}]}]}},"_links":{"self":[{"href":"https:\/\/ribamassanell.com\/ca\/wp-json\/wp\/v2\/pages\/2095"}],"collection":[{"href":"https:\/\/ribamassanell.com\/ca\/wp-json\/wp\/v2\/pages"}],"about":[{"href":"https:\/\/ribamassanell.com\/ca\/wp-json\/wp\/v2\/types\/page"}],"author":[{"embeddable":true,"href":"https:\/\/ribamassanell.com\/ca\/wp-json\/wp\/v2\/users\/1"}],"replies":[{"embeddable":true,"href":"https:\/\/ribamassanell.com\/ca\/wp-json\/wp\/v2\/comments?post=2095"}],"version-history":[{"count":2,"href":"https:\/\/ribamassanell.com\/ca\/wp-json\/wp\/v2\/pages\/2095\/revisions"}],"predecessor-version":[{"id":2097,"href":"https:\/\/ribamassanell.com\/ca\/wp-json\/wp\/v2\/pages\/2095\/revisions\/2097"}],"wp:attachment":[{"href":"https:\/\/ribamassanell.com\/ca\/wp-json\/wp\/v2\/media?parent=2095"}],"curies":[{"name":"wp","href":"https:\/\/api.w.org\/{rel}","templated":true}]}}