{"id":2060,"date":"2021-12-17T17:02:17","date_gmt":"2021-12-17T17:02:17","guid":{"rendered":"http:\/\/ribamassanell.com\/nosaltres\/"},"modified":"2024-08-07T11:25:14","modified_gmt":"2024-08-07T11:25:14","slug":"nosaltres","status":"publish","type":"page","link":"https:\/\/ribamassanell.com\/ca\/nosaltres\/","title":{"rendered":"Nosaltres"},"content":{"rendered":"\n<div class=\"wp-block-columns alignwide is-layout-flex wp-container-core-columns-layout-1 wp-block-columns-is-layout-flex\">\n<div class=\"wp-block-column is-layout-flow wp-block-column-is-layout-flow\" style=\"flex-basis:50%\">\n<figure class=\"wp-block-image mt0\"><img loading=\"lazy\" decoding=\"async\" width=\"1024\" height=\"768\" src=\"https:\/\/ribamassanell.com\/wp-content\/uploads\/2021\/12\/ribamassanell-PICT0021-1024x768.jpg\" alt=\"\" class=\"wp-image-1652\" srcset=\"https:\/\/ribamassanell.com\/wp-content\/uploads\/2021\/12\/ribamassanell-PICT0021-1024x768.jpg 1024w, https:\/\/ribamassanell.com\/wp-content\/uploads\/2021\/12\/ribamassanell-PICT0021-300x225.jpg 300w, https:\/\/ribamassanell.com\/wp-content\/uploads\/2021\/12\/ribamassanell-PICT0021-768x576.jpg 768w, https:\/\/ribamassanell.com\/wp-content\/uploads\/2021\/12\/ribamassanell-PICT0021-1536x1152.jpg 1536w, https:\/\/ribamassanell.com\/wp-content\/uploads\/2021\/12\/ribamassanell-PICT0021-1200x900.jpg 1200w, https:\/\/ribamassanell.com\/wp-content\/uploads\/2021\/12\/ribamassanell-PICT0021.jpg 1600w\" sizes=\"(max-width: 1024px) 100vw, 1024px\" \/><\/figure>\n<\/div>\n\n\n\n<div class=\"wp-block-column is-layout-flow wp-block-column-is-layout-flow\" style=\"flex-basis:50%\">\n<h2 class=\"mt0 wp-block-heading\" id=\"lorem-ipsum-dolor-sit-amet\">6 Generacions<\/h2>\n\n\n\n<p class=\"has-drop-cap\">Riba Massanell som una empresa de fusteria i ebenisteria familiar, fundada el 1989. Tot i aix\u00ed, ens avalen una tradici\u00f3 i experi\u00e8ncia de m\u00e9s de cent anys treballant la fusta.<\/p>\n\n\n\n<p>Fa m\u00e9s d\u2019un segle que es va iniciar l\u2019ofici d\u2019ebenista amb el rebesavi a La Granada fent mobiliari artesanalment. Amb els anys va anar passant de pares a fills com a fusteria i ebenisteria Riba, evolucionant i especialitzant-se amb mobles i finestres. Fins que el 1989 es van ajuntar dues fam\u00edlies de fusters, donant nom a la fusteria actual Riba Massanell.<\/p>\n\n\n\n<p>Actualment a la fusteria, ens dediquem a la fabricaci\u00f3 de finestres, casa d\u2019entramat lleuger, cobertes i mobles a mida.<\/p>\n<\/div>\n<\/div>\n\n\n\n<div class=\"wp-block-group alignfull has-background is-layout-flow wp-block-group-is-layout-flow\" style=\"background-color:#f1f1f1\"><div class=\"wp-block-group__inner-container\">\n<div class=\"wp-block-columns alignwide is-layout-flex wp-container-core-columns-layout-2 wp-block-columns-is-layout-flex\">\n<div class=\"wp-block-column is-layout-flow wp-block-column-is-layout-flow\" style=\"flex-basis:50%\">\n<h2 class=\"mt0 wp-block-heading\" id=\"lorem-ipsum-dolor-sit-amet\">L&#8217;Equip Hum\u00e0<\/h2>\n\n\n\n<p class=\"has-drop-cap\">El nostre equip de treballadors tenen experi\u00e8ncia amb el tracte i la manipulaci\u00f3 de la fusta, podent treballar taulers com fusta natural per la fabricaci\u00f3 de mobles, finestres, estructures amb bigues i cases d\u2019entramat lleuger.<\/p>\n\n\n\n<p>Alguns d\u2019ells s\u2019han iniciat com aprenents adquirint experi\u00e8ncia a base de practica i esfor\u00e7, ajudant al costat dels fusters m\u00e9s experts.<\/p>\n<\/div>\n\n\n\n<div class=\"wp-block-column is-layout-flow wp-block-column-is-layout-flow\" style=\"flex-basis:50%\">\n<figure class=\"wp-block-image mt0\"><img loading=\"lazy\" decoding=\"async\" width=\"1024\" height=\"576\" src=\"https:\/\/ribamassanell.com\/wp-content\/uploads\/2022\/04\/ribamassanell-6997-1024x576.jpg\" alt=\"\" class=\"wp-image-2362\" srcset=\"https:\/\/ribamassanell.com\/wp-content\/uploads\/2022\/04\/ribamassanell-6997-1024x576.jpg 1024w, https:\/\/ribamassanell.com\/wp-content\/uploads\/2022\/04\/ribamassanell-6997-300x169.jpg 300w, https:\/\/ribamassanell.com\/wp-content\/uploads\/2022\/04\/ribamassanell-6997-768x432.jpg 768w, https:\/\/ribamassanell.com\/wp-content\/uploads\/2022\/04\/ribamassanell-6997-1536x864.jpg 1536w, https:\/\/ribamassanell.com\/wp-content\/uploads\/2022\/04\/ribamassanell-6997-1200x675.jpg 1200w, https:\/\/ribamassanell.com\/wp-content\/uploads\/2022\/04\/ribamassanell-6997.jpg 1600w\" sizes=\"(max-width: 1024px) 100vw, 1024px\" \/><\/figure>\n<\/div>\n<\/div>\n<\/div><\/div>\n\n\n\n<div class=\"wp-block-media-text alignwide is-stacked-on-mobile is-image-fill\"><figure class=\"wp-block-media-text__media\" style=\"background-image:url(https:\/\/ribamassanell.com\/wp-content\/uploads\/2022\/06\/IMG_6226_1000.jpg);background-position:25% 50%\"><img loading=\"lazy\" decoding=\"async\" width=\"1000\" height=\"666\" src=\"https:\/\/ribamassanell.com\/wp-content\/uploads\/2022\/06\/IMG_6226_1000.jpg\" alt=\"\" class=\"wp-image-3512 size-full\" srcset=\"https:\/\/ribamassanell.com\/wp-content\/uploads\/2022\/06\/IMG_6226_1000.jpg 1000w, https:\/\/ribamassanell.com\/wp-content\/uploads\/2022\/06\/IMG_6226_1000-300x200.jpg 300w, https:\/\/ribamassanell.com\/wp-content\/uploads\/2022\/06\/IMG_6226_1000-768x511.jpg 768w\" sizes=\"(max-width: 1000px) 100vw, 1000px\" \/><\/figure><div class=\"wp-block-media-text__content\">\n<h2 class=\"mt0 wp-block-heading\" id=\"el-taller\">El Taller<\/h2>\n\n\n\n<blockquote class=\"wp-block-quote\"><p>m 1 OFIC Obrador on hom fa una feina manual, industrial o art\u00edstica.asdasda<\/p><\/blockquote>\n\n\n\n<p class=\"has-drop-cap\">Quan es va fundar l\u2019empresa, el taller es va assentar al Carrer Escorxador de Vilafranca, just a les afores del Poble. Per\u00f2 amb el creixement d\u2019aquest i de l\u2019empresa, es va haver de traslladar. Aix\u00ed que despr\u00e9s de 6 anys el Taller va passar a les afores de la Vila a la Carretera de Moja on actualment segueix funcionant a ple rendiment.<\/p>\n\n\n\n<p>Tot i que \u00e9s el mateix, s\u2019ha anat adaptant al nous temps, creant espais espec\u00edfics com la zona de treball m\u00e9s manual amb taules individuals, la de maquinaria, la de control num\u00e8ric, la de premses i la de vern\u00eds i pintura.<\/p>\n\n\n\n<p>El taller tamb\u00e9 compta amb oficines i un showroom, que any rere any va canviant per adaptar-se a les noves demandes.<\/p>\n<\/div><\/div>\n\n\n\n<p><\/p>\n","protected":false},"excerpt":{"rendered":"<p>6 Generacions Riba Massanell som una empresa de fusteria i ebenisteria familiar, fundada el 1989. Tot i aix\u00ed, ens avalen una tradici\u00f3 i experi\u00e8ncia de m\u00e9s de cent anys treballant la fusta. Fa m\u00e9s d\u2019un segle que es va iniciar l\u2019ofici d\u2019ebenista amb el rebesavi a La Granada fent mobiliari artesanalment. Amb els anys va [&hellip;]<\/p>\n","protected":false},"author":1,"featured_media":1786,"parent":0,"menu_order":0,"comment_status":"closed","ping_status":"closed","template":"templates\/template-cover.php","meta":{"footnotes":""},"yoast_head":"<!-- This site is optimized with the Yoast SEO plugin v18.6 - https:\/\/yoast.com\/wordpress\/plugins\/seo\/ -->\n<title>Nosaltres | Riba Massanell Fusters<\/title>\n<meta name=\"description\" content=\"Qui som? Nosaltres som una empresa de fusteria familiar, aqu\u00ed podr\u00e0 con\u00e8ixer els canvis generacionals, el nostre equip hum\u00e0 i el taller.\" \/>\n<meta name=\"robots\" content=\"index, follow, max-snippet:-1, max-image-preview:large, max-video-preview:-1\" \/>\n<link rel=\"canonical\" href=\"https:\/\/ribamassanell.com\/ca\/nosaltres\/\" \/>\n<meta property=\"og:locale\" content=\"ca_ES\" \/>\n<meta property=\"og:type\" content=\"article\" \/>\n<meta property=\"og:title\" content=\"Nosaltres | Riba Massanell Fusters\" \/>\n<meta property=\"og:description\" content=\"Qui som? Nosaltres som una empresa de fusteria familiar, aqu\u00ed podr\u00e0 con\u00e8ixer els canvis generacionals, el nostre equip hum\u00e0 i el taller.\" \/>\n<meta property=\"og:url\" content=\"https:\/\/ribamassanell.com\/ca\/nosaltres\/\" \/>\n<meta property=\"og:site_name\" content=\"Riba Massanell\" \/>\n<meta property=\"article:modified_time\" content=\"2024-08-07T11:25:14+00:00\" \/>\n<meta property=\"og:image\" content=\"https:\/\/ribamassanell.com\/wp-content\/uploads\/2021\/12\/ribamassanell-arago-6-1024x768.jpeg\" \/>\n\t<meta property=\"og:image:width\" content=\"1024\" \/>\n\t<meta property=\"og:image:height\" content=\"768\" \/>\n\t<meta property=\"og:image:type\" content=\"image\/jpeg\" \/>\n<meta name=\"twitter:card\" content=\"summary_large_image\" \/>\n<meta name=\"twitter:label1\" content=\"Temps estimat de lectura\" \/>\n\t<meta name=\"twitter:data1\" content=\"3 minuts\" \/>\n<script type=\"application\/ld+json\" class=\"yoast-schema-graph\">{\"@context\":\"https:\/\/schema.org\",\"@graph\":[{\"@type\":\"Organization\",\"@id\":\"https:\/\/ribamassanell.com\/#organization\",\"name\":\"Riba Massanell\",\"url\":\"https:\/\/ribamassanell.com\/\",\"sameAs\":[],\"logo\":{\"@type\":\"ImageObject\",\"@id\":\"https:\/\/ribamassanell.com\/#logo\",\"inLanguage\":\"ca\",\"url\":\"https:\/\/ribamassanell.com\/wp-content\/uploads\/2021\/12\/ribamassanell-logo.jpeg\",\"contentUrl\":\"https:\/\/ribamassanell.com\/wp-content\/uploads\/2021\/12\/ribamassanell-logo.jpeg\",\"width\":1024,\"height\":186,\"caption\":\"Riba Massanell\"},\"image\":{\"@id\":\"https:\/\/ribamassanell.com\/#logo\"}},{\"@type\":\"WebSite\",\"@id\":\"https:\/\/ribamassanell.com\/#website\",\"url\":\"https:\/\/ribamassanell.com\/\",\"name\":\"Riba Massanell\",\"description\":\"Fusteria i ebenisteria des de 1989\",\"publisher\":{\"@id\":\"https:\/\/ribamassanell.com\/#organization\"},\"potentialAction\":[{\"@type\":\"SearchAction\",\"target\":{\"@type\":\"EntryPoint\",\"urlTemplate\":\"https:\/\/ribamassanell.com\/?s={search_term_string}\"},\"query-input\":\"required name=search_term_string\"}],\"inLanguage\":\"ca\"},{\"@type\":\"ImageObject\",\"@id\":\"https:\/\/ribamassanell.com\/ca\/nosaltres\/#primaryimage\",\"inLanguage\":\"ca\",\"url\":\"https:\/\/ribamassanell.com\/wp-content\/uploads\/2021\/12\/ribamassanell-arago-6.jpeg\",\"contentUrl\":\"https:\/\/ribamassanell.com\/wp-content\/uploads\/2021\/12\/ribamassanell-arago-6.jpeg\",\"width\":2560,\"height\":1920,\"caption\":\"OLYMPUS DIGITAL CAMERA\"},{\"@type\":\"WebPage\",\"@id\":\"https:\/\/ribamassanell.com\/ca\/nosaltres\/#webpage\",\"url\":\"https:\/\/ribamassanell.com\/ca\/nosaltres\/\",\"name\":\"Nosaltres | Riba Massanell Fusters\",\"isPartOf\":{\"@id\":\"https:\/\/ribamassanell.com\/#website\"},\"primaryImageOfPage\":{\"@id\":\"https:\/\/ribamassanell.com\/ca\/nosaltres\/#primaryimage\"},\"datePublished\":\"2021-12-17T17:02:17+00:00\",\"dateModified\":\"2024-08-07T11:25:14+00:00\",\"description\":\"Qui som? Nosaltres som una empresa de fusteria familiar, aqu\u00ed podr\u00e0 con\u00e8ixer els canvis generacionals, el nostre equip hum\u00e0 i el taller.\",\"breadcrumb\":{\"@id\":\"https:\/\/ribamassanell.com\/ca\/nosaltres\/#breadcrumb\"},\"inLanguage\":\"ca\",\"potentialAction\":[{\"@type\":\"ReadAction\",\"target\":[\"https:\/\/ribamassanell.com\/ca\/nosaltres\/\"]}]},{\"@type\":\"BreadcrumbList\",\"@id\":\"https:\/\/ribamassanell.com\/ca\/nosaltres\/#breadcrumb\",\"itemListElement\":[{\"@type\":\"ListItem\",\"position\":1,\"name\":\"Portada\",\"item\":\"https:\/\/ribamassanell.com\/ca\/\"},{\"@type\":\"ListItem\",\"position\":2,\"name\":\"Nosaltres\"}]}]}<\/script>\n<!-- \/ Yoast SEO plugin. -->","yoast_head_json":{"title":"Nosaltres | Riba Massanell Fusters","description":"Qui som? Nosaltres som una empresa de fusteria familiar, aqu\u00ed podr\u00e0 con\u00e8ixer els canvis generacionals, el nostre equip hum\u00e0 i el taller.","robots":{"index":"index","follow":"follow","max-snippet":"max-snippet:-1","max-image-preview":"max-image-preview:large","max-video-preview":"max-video-preview:-1"},"canonical":"https:\/\/ribamassanell.com\/ca\/nosaltres\/","og_locale":"ca_ES","og_type":"article","og_title":"Nosaltres | Riba Massanell Fusters","og_description":"Qui som? Nosaltres som una empresa de fusteria familiar, aqu\u00ed podr\u00e0 con\u00e8ixer els canvis generacionals, el nostre equip hum\u00e0 i el taller.","og_url":"https:\/\/ribamassanell.com\/ca\/nosaltres\/","og_site_name":"Riba Massanell","article_modified_time":"2024-08-07T11:25:14+00:00","og_image":[{"width":1024,"height":768,"url":"https:\/\/ribamassanell.com\/wp-content\/uploads\/2021\/12\/ribamassanell-arago-6-1024x768.jpeg","type":"image\/jpeg"}],"twitter_card":"summary_large_image","twitter_misc":{"Temps estimat de lectura":"3 minuts"},"schema":{"@context":"https:\/\/schema.org","@graph":[{"@type":"Organization","@id":"https:\/\/ribamassanell.com\/#organization","name":"Riba Massanell","url":"https:\/\/ribamassanell.com\/","sameAs":[],"logo":{"@type":"ImageObject","@id":"https:\/\/ribamassanell.com\/#logo","inLanguage":"ca","url":"https:\/\/ribamassanell.com\/wp-content\/uploads\/2021\/12\/ribamassanell-logo.jpeg","contentUrl":"https:\/\/ribamassanell.com\/wp-content\/uploads\/2021\/12\/ribamassanell-logo.jpeg","width":1024,"height":186,"caption":"Riba Massanell"},"image":{"@id":"https:\/\/ribamassanell.com\/#logo"}},{"@type":"WebSite","@id":"https:\/\/ribamassanell.com\/#website","url":"https:\/\/ribamassanell.com\/","name":"Riba Massanell","description":"Fusteria i ebenisteria des de 1989","publisher":{"@id":"https:\/\/ribamassanell.com\/#organization"},"potentialAction":[{"@type":"SearchAction","target":{"@type":"EntryPoint","urlTemplate":"https:\/\/ribamassanell.com\/?s={search_term_string}"},"query-input":"required name=search_term_string"}],"inLanguage":"ca"},{"@type":"ImageObject","@id":"https:\/\/ribamassanell.com\/ca\/nosaltres\/#primaryimage","inLanguage":"ca","url":"https:\/\/ribamassanell.com\/wp-content\/uploads\/2021\/12\/ribamassanell-arago-6.jpeg","contentUrl":"https:\/\/ribamassanell.com\/wp-content\/uploads\/2021\/12\/ribamassanell-arago-6.jpeg","width":2560,"height":1920,"caption":"OLYMPUS DIGITAL CAMERA"},{"@type":"WebPage","@id":"https:\/\/ribamassanell.com\/ca\/nosaltres\/#webpage","url":"https:\/\/ribamassanell.com\/ca\/nosaltres\/","name":"Nosaltres | Riba Massanell Fusters","isPartOf":{"@id":"https:\/\/ribamassanell.com\/#website"},"primaryImageOfPage":{"@id":"https:\/\/ribamassanell.com\/ca\/nosaltres\/#primaryimage"},"datePublished":"2021-12-17T17:02:17+00:00","dateModified":"2024-08-07T11:25:14+00:00","description":"Qui som? Nosaltres som una empresa de fusteria familiar, aqu\u00ed podr\u00e0 con\u00e8ixer els canvis generacionals, el nostre equip hum\u00e0 i el taller.","breadcrumb":{"@id":"https:\/\/ribamassanell.com\/ca\/nosaltres\/#breadcrumb"},"inLanguage":"ca","potentialAction":[{"@type":"ReadAction","target":["https:\/\/ribamassanell.com\/ca\/nosaltres\/"]}]},{"@type":"BreadcrumbList","@id":"https:\/\/ribamassanell.com\/ca\/nosaltres\/#breadcrumb","itemListElement":[{"@type":"ListItem","position":1,"name":"Portada","item":"https:\/\/ribamassanell.com\/ca\/"},{"@type":"ListItem","position":2,"name":"Nosaltres"}]}]}},"_links":{"self":[{"href":"https:\/\/ribamassanell.com\/ca\/wp-json\/wp\/v2\/pages\/2060"}],"collection":[{"href":"https:\/\/ribamassanell.com\/ca\/wp-json\/wp\/v2\/pages"}],"about":[{"href":"https:\/\/ribamassanell.com\/ca\/wp-json\/wp\/v2\/types\/page"}],"author":[{"embeddable":true,"href":"https:\/\/ribamassanell.com\/ca\/wp-json\/wp\/v2\/users\/1"}],"replies":[{"embeddable":true,"href":"https:\/\/ribamassanell.com\/ca\/wp-json\/wp\/v2\/comments?post=2060"}],"version-history":[{"count":13,"href":"https:\/\/ribamassanell.com\/ca\/wp-json\/wp\/v2\/pages\/2060\/revisions"}],"predecessor-version":[{"id":3515,"href":"https:\/\/ribamassanell.com\/ca\/wp-json\/wp\/v2\/pages\/2060\/revisions\/3515"}],"wp:featuredmedia":[{"embeddable":true,"href":"https:\/\/ribamassanell.com\/ca\/wp-json\/wp\/v2\/media\/1786"}],"wp:attachment":[{"href":"https:\/\/ribamassanell.com\/ca\/wp-json\/wp\/v2\/media?parent=2060"}],"curies":[{"name":"wp","href":"https:\/\/api.w.org\/{rel}","templated":true}]}}